{"id":994,"date":"2019-01-06T09:12:01","date_gmt":"2019-01-06T09:12:01","guid":{"rendered":"http:\/\/localhost\/Exhibz\/?page_id=994"},"modified":"2025-11-10T13:55:23","modified_gmt":"2025-11-10T13:55:23","slug":"a-propos-de-lorganisation","status":"publish","type":"page","link":"https:\/\/connectandact.be\/fr\/a-propos-de-lorganisation\/","title":{"rendered":"\u00c0 propos de l'organisation"},"content":{"rendered":"<div data-elementor-type=\"wp-post\" data-elementor-id=\"994\" class=\"elementor elementor-994\">\n\t\t\t\t\t\t<section class=\"elementor-section elementor-top-section elementor-element elementor-element-49c elementor-section-boxed elementor-section-height-default elementor-section-height-default\" data-id=\"49c\" data-element_type=\"section\">\n\t\t\t\t\t\t<div class=\"elementor-container elementor-column-gap-default\">\n\t\t\t\t\t<div class=\"elementor-column elementor-col-100 elementor-top-column elementor-element elementor-element-2c0f\" data-id=\"2c0f\" data-element_type=\"column\">\n\t\t\t<div class=\"elementor-widget-wrap elementor-element-populated\">\n\t\t\t\t\t\t<div class=\"elementor-element elementor-element-7379 elementor-widget elementor-widget-exhibz-title\" data-id=\"7379\" data-element_type=\"widget\" data-settings=\"{&quot;ekit_we_effect_on&quot;:&quot;none&quot;}\" data-widget_type=\"exhibz-title.default\">\n\t\t\t\t<div class=\"elementor-widget-container\">\n\t\t\t\t\t\n    <div class=\"title-section-area\">\n        <h2 class=\"section-title\">\n            <span class=\"sub-title\">LES ORGANISATEURS<\/span>\n\t\t\tQui organise le congr\u00e8s ?        <\/h2>\n\t\t                    <span class=\"title-shape\">\n                  <svg xmlns='http:\/\/www.w3.org\/2000\/svg' xmlns:xlink='http:\/\/www.w3.org\/1999\/xlink' width='71px' height='11px'> <path fill-rule='evenodd' d='M59.669,10.710 L49.164,3.306 L39.428,10.681 L29.714,3.322 L20.006,10.682 L10.295,3.322 L1.185,10.228 L-0.010,8.578 L10.295,0.765 L20.006,8.125 L29.714,0.765 L39.428,8.125 L49.122,0.781 L59.680,8.223 L69.858,1.192 L70.982,2.895 L59.669,10.710 Z'\/><\/svg>\n            <\/span>\n                    <\/div><!-- Section title -->\n    \n    \n\n    \t\t\t\t<\/div>\n\t\t\t\t<\/div>\n\t\t\t\t<div class=\"elementor-element elementor-element-09619c4 elementor-widget elementor-widget-text-editor\" data-id=\"09619c4\" data-element_type=\"widget\" data-settings=\"{&quot;ekit_we_effect_on&quot;:&quot;none&quot;}\" data-widget_type=\"text-editor.default\">\n\t\t\t\t<div class=\"elementor-widget-container\">\n\t\t\t\t\t\t\t\t\t<p>D\u00e9couvrez les 3 organisations \u00e0 l\u2019origine de cette initiative :<\/p>\t\t\t\t\t\t\t\t<\/div>\n\t\t\t\t<\/div>\n\t\t\t\t\t<\/div>\n\t\t<\/div>\n\t\t\t\t\t<\/div>\n\t\t<\/section>\n\t\t<div class=\"elementor-element elementor-element-f1f1b8b e-grid e-con-boxed e-con e-parent\" data-id=\"f1f1b8b\" data-element_type=\"container\">\n\t\t\t\t\t<div class=\"e-con-inner\">\n\t\t\t\t<div class=\"elementor-element elementor-element-f5ca904 elementor-widget elementor-widget-text-editor\" data-id=\"f5ca904\" data-element_type=\"widget\" data-settings=\"{&quot;ekit_we_effect_on&quot;:&quot;none&quot;}\" data-widget_type=\"text-editor.default\">\n\t\t\t\t<div class=\"elementor-widget-container\">\n\t\t\t\t\t\t\t\t\t<p><a href=\"http:\/\/www.giveaday.eu\">Give a Day<\/a><br \/><a href=\"http:\/\/www.giveaday.eu\">Give a Day<\/a> met en relation depuis 2016 tous les acteurs de la soci\u00e9t\u00e9 (citoyens, \u00e9tudiants, travailleurs...) pour relever et r\u00e9soudre des d\u00e9fis sociaux et \u00e9cologiques avec des organisations de volontaires par le biais du volontariat et de l'aide de voisinage. D'ici 2030, l'association vise \u00e0 recruter 500 000 b\u00e9n\u00e9voles suppl\u00e9mentaires en Belgique. En m\u00eame temps, ils aident les organisations b\u00e9n\u00e9voles, les entreprises et les municipalit\u00e9s \u00e0 gagner du temps en automatisant la gestion des b\u00e9n\u00e9voles afin qu'ils puissent se concentrer sur leur impact.<\/p><p>Outre l'accent mis sur l'innovation num\u00e9rique avec la plateforme intelligente d'appariement, de gestion et de communication, Give a Day met fortement l'accent sur la formation, la connaissance et l'orientation dans la mise en place et le d\u00e9ploiement d'une politique coordonn\u00e9e en mati\u00e8re de volontariat. Elle apporte son soutien \u00e0 la communication et au partage des connaissances entre les partenaires. La combinaison id\u00e9ale pour tirer le meilleur parti de votre politique de volontariat.<\/p><p>Ils offrent \u00e9galement un soutien aux entreprises et aux groupes pour l'organisation de journ\u00e9es de b\u00e9n\u00e9volat ou la constitution d'\u00e9quipes sociales, ce qui leur permet de contribuer \u00e0 la soci\u00e9t\u00e9 de mani\u00e8re significative et de renforcer l'esprit d'\u00e9quipe.<\/p>\t\t\t\t\t\t\t\t<\/div>\n\t\t\t\t<\/div>\n\t\t\t\t<div class=\"elementor-element elementor-element-d406659 elementor-widget elementor-widget-image\" data-id=\"d406659\" data-element_type=\"widget\" data-settings=\"{&quot;ekit_we_effect_on&quot;:&quot;none&quot;}\" data-widget_type=\"image.default\">\n\t\t\t\t<div class=\"elementor-widget-container\">\n\t\t\t\t\t\t\t\t\t\t\t\t\t\t\t<img fetchpriority=\"high\" decoding=\"async\" width=\"800\" height=\"534\" src=\"https:\/\/connectandact.be\/wp-content\/uploads\/2025\/11\/preview-connectandact-41-1-van-1-1024x683.jpg\" class=\"attachment-large size-large wp-image-5710\" alt=\"Give a Day team\" srcset=\"https:\/\/connectandact.be\/wp-content\/uploads\/2025\/11\/preview-connectandact-41-1-van-1-1024x683.jpg 1024w, https:\/\/connectandact.be\/wp-content\/uploads\/2025\/11\/preview-connectandact-41-1-van-1-300x200.jpg 300w, https:\/\/connectandact.be\/wp-content\/uploads\/2025\/11\/preview-connectandact-41-1-van-1-768x512.jpg 768w, https:\/\/connectandact.be\/wp-content\/uploads\/2025\/11\/preview-connectandact-41-1-van-1-1536x1024.jpg 1536w, https:\/\/connectandact.be\/wp-content\/uploads\/2025\/11\/preview-connectandact-41-1-van-1-2048x1365.jpg 2048w, https:\/\/connectandact.be\/wp-content\/uploads\/2025\/11\/preview-connectandact-41-1-van-1-18x12.jpg 18w, https:\/\/connectandact.be\/wp-content\/uploads\/2025\/11\/preview-connectandact-41-1-van-1-600x400.jpg 600w\" sizes=\"(max-width: 800px) 100vw, 800px\" \/>\t\t\t\t\t\t\t\t\t\t\t\t\t\t\t<\/div>\n\t\t\t\t<\/div>\n\t\t\t\t\t<\/div>\n\t\t\t\t<\/div>\n\t\t<div class=\"elementor-element elementor-element-7c3f486 e-grid e-con-boxed e-con e-parent\" data-id=\"7c3f486\" data-element_type=\"container\">\n\t\t\t\t\t<div class=\"e-con-inner\">\n\t\t\t\t<div class=\"elementor-element elementor-element-d4db8d9 elementor-widget elementor-widget-image\" data-id=\"d4db8d9\" data-element_type=\"widget\" data-settings=\"{&quot;ekit_we_effect_on&quot;:&quot;none&quot;}\" data-widget_type=\"image.default\">\n\t\t\t\t<div class=\"elementor-widget-container\">\n\t\t\t\t\t\t\t\t\t\t\t\t\t\t\t<img decoding=\"async\" width=\"800\" height=\"534\" src=\"https:\/\/connectandact.be\/wp-content\/uploads\/2024\/10\/pr-connectandact-35-1024x683.jpg\" class=\"attachment-large size-large wp-image-4786\" alt=\"\" srcset=\"https:\/\/connectandact.be\/wp-content\/uploads\/2024\/10\/pr-connectandact-35-1024x683.jpg 1024w, https:\/\/connectandact.be\/wp-content\/uploads\/2024\/10\/pr-connectandact-35-300x200.jpg 300w, https:\/\/connectandact.be\/wp-content\/uploads\/2024\/10\/pr-connectandact-35-768x512.jpg 768w, https:\/\/connectandact.be\/wp-content\/uploads\/2024\/10\/pr-connectandact-35-1536x1024.jpg 1536w, https:\/\/connectandact.be\/wp-content\/uploads\/2024\/10\/pr-connectandact-35-18x12.jpg 18w, https:\/\/connectandact.be\/wp-content\/uploads\/2024\/10\/pr-connectandact-35-600x400.jpg 600w, https:\/\/connectandact.be\/wp-content\/uploads\/2024\/10\/pr-connectandact-35.jpg 1600w\" sizes=\"(max-width: 800px) 100vw, 800px\" \/>\t\t\t\t\t\t\t\t\t\t\t\t\t\t\t<\/div>\n\t\t\t\t<\/div>\n\t\t\t\t<div class=\"elementor-element elementor-element-3502f84 elementor-widget elementor-widget-text-editor\" data-id=\"3502f84\" data-element_type=\"widget\" data-settings=\"{&quot;ekit_we_effect_on&quot;:&quot;none&quot;}\" data-widget_type=\"text-editor.default\">\n\t\t\t\t<div class=\"elementor-widget-container\">\n\t\t\t\t\t\t\t\t\t<p><a href=\"http:\/\/www.hitch.be\/\">Hitch<\/a><br \/><a href=\"http:\/\/www.hitch.be\">Hitch<\/a> est <span style=\"font-weight: 400;\">depuis 15 ans un expert des tendances en mati\u00e8re d\u2019engagement et en cr\u00e9ation de communaut\u00e9s de b\u00e9n\u00e9voles durables. Il offre des conseils personnalis\u00e9s aux organisations, les aidant \u00e0 redynamiser leurs activit\u00e9s de volontariat, en les rendant \u00e0 la fois attractives et efficaces, tant sur le plan culturel que structurel.<\/span><\/p><p><span style=\"font-weight: 400;\">Les moteurs de tous les programmes de formation et d'accompagnement de Hitch sont les tendances sociales dans le domaine de l'engagement et de la participation. Ils les traduisent vers le contexte sp\u00e9cifique du profit social et les adaptent aux organisations qui souhaitent \u00e9voluer dans une perspective d'avenir.<\/span><\/p><p><span style=\"font-weight: 400;\">Hitch part toujours de la motivation intrins\u00e8que et du potentiel de chaque individu pour construire des \u00e9quipes et des organisations fortes. <\/span><span style=\"font-weight: 400;\">Gr\u00e2ce \u00e0 une approche personnelle, pratique et m\u00e9thodique, ils cr\u00e9ent un impact maximal. Cette approche permet non seulement d'am\u00e9liorer les performances des organisations, mais aussi de faire cro\u00eetre la satisfaction et l'implication de tous les acteurs.<\/span><\/p>\t\t\t\t\t\t\t\t<\/div>\n\t\t\t\t<\/div>\n\t\t\t\t\t<\/div>\n\t\t\t\t<\/div>\n\t\t<div class=\"elementor-element elementor-element-8b419f3 e-flex e-con-boxed e-con e-parent\" data-id=\"8b419f3\" data-element_type=\"container\">\n\t\t\t\t\t<div class=\"e-con-inner\">\n\t\t<div class=\"elementor-element elementor-element-401b03b e-con-full e-flex e-con e-child\" data-id=\"401b03b\" data-element_type=\"container\">\n\t\t\t\t<div class=\"elementor-element elementor-element-0088486 elementor-widget elementor-widget-text-editor\" data-id=\"0088486\" data-element_type=\"widget\" data-settings=\"{&quot;ekit_we_effect_on&quot;:&quot;none&quot;}\" data-widget_type=\"text-editor.default\">\n\t\t\t\t<div class=\"elementor-widget-container\">\n\t\t\t\t\t\t\t\t\t<p><a href=\"http:\/\/www.toolbox.be\/\">ToolBox<\/a><br \/><span lang=\"NL-BE\"><a href=\"http:\/\/www.toolbox.be\">ToolBox vzw<\/a> accompagne les associations \u0153uvrant dans les secteurs social, culturel et environnemental en leur apportant un soutien sur mesure pour renforcer leur impact. Gr\u00e2ce \u00e0 un vaste r\u00e9seau de b\u00e9n\u00e9voles experts, nous proposons des missions adapt\u00e9es aux besoins sp\u00e9cifiques de chaque organisation, sur des th\u00e9matiques vari\u00e9es telles que la diversification des ressources financi\u00e8res, la strat\u00e9gie, la communication, la gouvernance ou encore la gestion d'\u00e9quipe.<\/span><\/p><p class=\"x_MsoNormal\"><span lang=\"NL-BE\">Depuis 2003, notre mission est d\u2019aider les associations \u00e0 optimiser leur fonctionnement interne pour leur permettre de se concentrer pleinement sur leur objectif principal : r\u00e9aliser leur mission sociale. Nous sommes convaincus que, quelle que soit leur taille ou leur maturit\u00e9, chaque organisation peut accro\u00eetre son impact gr\u00e2ce \u00e0 un accompagnement personnalis\u00e9 et adapt\u00e9 \u00e0 ses d\u00e9fis.<\/span><\/p><p class=\"x_MsoNormal\"><span lang=\"NL-BE\">En co-organisant le congr\u00e8s Connect &amp; Act, nous r\u00e9affirmons notre engagement en faveur du partage des comp\u00e9tences et de la collaboration entre les diff\u00e9rents secteurs de notre soci\u00e9t\u00e9.<\/span><\/p>\t\t\t\t\t\t\t\t<\/div>\n\t\t\t\t<\/div>\n\t\t\t\t<\/div>\n\t\t<div class=\"elementor-element elementor-element-5a273d2 e-con-full e-flex e-con e-child\" data-id=\"5a273d2\" data-element_type=\"container\">\n\t\t\t\t<div class=\"elementor-element elementor-element-74888f8 elementor-widget elementor-widget-image\" data-id=\"74888f8\" data-element_type=\"widget\" data-settings=\"{&quot;ekit_we_effect_on&quot;:&quot;none&quot;}\" data-widget_type=\"image.default\">\n\t\t\t\t<div class=\"elementor-widget-container\">\n\t\t\t\t\t\t\t\t\t\t\t\t\t\t\t\t<a href=\"http:\/\/www.toolbox.be\">\n\t\t\t\t\t\t\t<img decoding=\"async\" width=\"768\" height=\"676\" src=\"https:\/\/connectandact.be\/wp-content\/uploads\/2024\/10\/WhatsApp-Image-2024-10-07-at-11.02.25-768x676.jpeg\" class=\"attachment-medium_large size-medium_large wp-image-4807\" alt=\"\" srcset=\"https:\/\/connectandact.be\/wp-content\/uploads\/2024\/10\/WhatsApp-Image-2024-10-07-at-11.02.25-768x676.jpeg 768w, https:\/\/connectandact.be\/wp-content\/uploads\/2024\/10\/WhatsApp-Image-2024-10-07-at-11.02.25-300x264.jpeg 300w, https:\/\/connectandact.be\/wp-content\/uploads\/2024\/10\/WhatsApp-Image-2024-10-07-at-11.02.25-1024x901.jpeg 1024w, https:\/\/connectandact.be\/wp-content\/uploads\/2024\/10\/WhatsApp-Image-2024-10-07-at-11.02.25-1536x1352.jpeg 1536w, https:\/\/connectandact.be\/wp-content\/uploads\/2024\/10\/WhatsApp-Image-2024-10-07-at-11.02.25-14x12.jpeg 14w, https:\/\/connectandact.be\/wp-content\/uploads\/2024\/10\/WhatsApp-Image-2024-10-07-at-11.02.25-600x528.jpeg 600w, https:\/\/connectandact.be\/wp-content\/uploads\/2024\/10\/WhatsApp-Image-2024-10-07-at-11.02.25.jpeg 1704w\" sizes=\"(max-width: 768px) 100vw, 768px\" \/>\t\t\t\t\t\t\t\t<\/a>\n\t\t\t\t\t\t\t\t\t\t\t\t\t\t\t<\/div>\n\t\t\t\t<\/div>\n\t\t\t\t<\/div>\n\t\t\t\t\t<\/div>\n\t\t\t\t<\/div>\n\t\t\t\t<\/div>","protected":false},"excerpt":{"rendered":"<p>DE ORGANISATOREN Wie organiseert het congres? Ontmoet de drie organisaties achter dit initiatief: Give a DayGive a Day matcht sinds 2016 alle actoren (burgers, studenten, werknemers,\u2026) in de samenleving om samen met vrijwilligersorganisaties sociale en ecologische uitdagingen aan te pakken en op te lossen via vrijwilligerswerk en burenhulp. Tegen 2030 willen ze zo 500.000 vrijwilligers [&hellip;]<\/p>","protected":false},"author":1,"featured_media":0,"parent":0,"menu_order":0,"comment_status":"closed","ping_status":"closed","template":"template\/full-width-template.php","meta":{"footnotes":""},"class_list":["post-994","page","type-page","status-publish","hentry"],"yoast_head":"<!-- This site is optimized with the Yoast SEO plugin v26.7 - https:\/\/yoast.com\/wordpress\/plugins\/seo\/ -->\n<title>Over de organisatie - Connect and Act<\/title>\n<meta name=\"description\" content=\"Give a Day matcht alle actoren in de samenleving om sociale en ecologische uitdagingen aan te pakken en op te lossen via vrijwilligerswerk en burenhulp.\" \/>\n<meta name=\"robots\" content=\"index, follow, max-snippet:-1, max-image-preview:large, max-video-preview:-1\" \/>\n<link rel=\"canonical\" href=\"https:\/\/connectandact.be\/fr\/a-propos-de-lorganisation\/\" \/>\n<meta property=\"og:locale\" content=\"fr_FR\" \/>\n<meta property=\"og:type\" content=\"article\" \/>\n<meta property=\"og:title\" content=\"Over de organisatie - Connect and Act\" \/>\n<meta property=\"og:description\" content=\"Give a Day matcht alle actoren in de samenleving om sociale en ecologische uitdagingen aan te pakken en op te lossen via vrijwilligerswerk en burenhulp.\" \/>\n<meta property=\"og:url\" content=\"https:\/\/connectandact.be\/fr\/a-propos-de-lorganisation\/\" \/>\n<meta property=\"og:site_name\" content=\"Connect and Act\" \/>\n<meta property=\"article:modified_time\" content=\"2025-11-10T13:55:23+00:00\" \/>\n<meta property=\"og:image\" content=\"https:\/\/connectandact.be\/wp-content\/uploads\/2025\/11\/preview-connectandact-41-1-van-1-scaled.jpg\" \/>\n\t<meta property=\"og:image:width\" content=\"2560\" \/>\n\t<meta property=\"og:image:height\" content=\"1707\" \/>\n\t<meta property=\"og:image:type\" content=\"image\/jpeg\" \/>\n<meta name=\"twitter:card\" content=\"summary_large_image\" \/>\n<meta name=\"twitter:label1\" content=\"Dur\u00e9e de lecture est.\" \/>\n\t<meta name=\"twitter:data1\" content=\"3 minutes\" \/>\n<script type=\"application\/ld+json\" class=\"yoast-schema-graph\">{\"@context\":\"https:\/\/schema.org\",\"@graph\":[{\"@type\":\"WebPage\",\"@id\":\"https:\/\/connectandact.be\/over-de-organisatie\/\",\"url\":\"https:\/\/connectandact.be\/over-de-organisatie\/\",\"name\":\"Over de organisatie - Connect and Act\",\"isPartOf\":{\"@id\":\"https:\/\/connectandact.be\/#website\"},\"primaryImageOfPage\":{\"@id\":\"https:\/\/connectandact.be\/over-de-organisatie\/#primaryimage\"},\"image\":{\"@id\":\"https:\/\/connectandact.be\/over-de-organisatie\/#primaryimage\"},\"thumbnailUrl\":\"https:\/\/connectandact.be\/wp-content\/uploads\/2025\/11\/preview-connectandact-41-1-van-1-1024x683.jpg\",\"datePublished\":\"2019-01-06T09:12:01+00:00\",\"dateModified\":\"2025-11-10T13:55:23+00:00\",\"description\":\"Give a Day matcht alle actoren in de samenleving om sociale en ecologische uitdagingen aan te pakken en op te lossen via vrijwilligerswerk en burenhulp.\",\"breadcrumb\":{\"@id\":\"https:\/\/connectandact.be\/over-de-organisatie\/#breadcrumb\"},\"inLanguage\":\"fr-BE\",\"potentialAction\":[{\"@type\":\"ReadAction\",\"target\":[\"https:\/\/connectandact.be\/over-de-organisatie\/\"]}]},{\"@type\":\"ImageObject\",\"inLanguage\":\"fr-BE\",\"@id\":\"https:\/\/connectandact.be\/over-de-organisatie\/#primaryimage\",\"url\":\"https:\/\/connectandact.be\/wp-content\/uploads\/2025\/11\/preview-connectandact-41-1-van-1-1024x683.jpg\",\"contentUrl\":\"https:\/\/connectandact.be\/wp-content\/uploads\/2025\/11\/preview-connectandact-41-1-van-1-1024x683.jpg\"},{\"@type\":\"BreadcrumbList\",\"@id\":\"https:\/\/connectandact.be\/over-de-organisatie\/#breadcrumb\",\"itemListElement\":[{\"@type\":\"ListItem\",\"position\":1,\"name\":\"Home\",\"item\":\"https:\/\/connectandact.be\/\"},{\"@type\":\"ListItem\",\"position\":2,\"name\":\"Over de organisatie\"}]},{\"@type\":\"WebSite\",\"@id\":\"https:\/\/connectandact.be\/#website\",\"url\":\"https:\/\/connectandact.be\/\",\"name\":\"Connect and Act\",\"description\":\"Nationaal congres vrijwilligerswerk en burenhulp\",\"publisher\":{\"@id\":\"https:\/\/connectandact.be\/#organization\"},\"potentialAction\":[{\"@type\":\"SearchAction\",\"target\":{\"@type\":\"EntryPoint\",\"urlTemplate\":\"https:\/\/connectandact.be\/?s={search_term_string}\"},\"query-input\":{\"@type\":\"PropertyValueSpecification\",\"valueRequired\":true,\"valueName\":\"search_term_string\"}}],\"inLanguage\":\"fr-BE\"},{\"@type\":\"Organization\",\"@id\":\"https:\/\/connectandact.be\/#organization\",\"name\":\"Connect and Act\",\"url\":\"https:\/\/connectandact.be\/\",\"logo\":{\"@type\":\"ImageObject\",\"inLanguage\":\"fr-BE\",\"@id\":\"https:\/\/connectandact.be\/#\/schema\/logo\/image\/\",\"url\":\"https:\/\/connectandact.be\/wp-content\/uploads\/2024\/10\/Connect-and-Act-1599-x-500-px.png\",\"contentUrl\":\"https:\/\/connectandact.be\/wp-content\/uploads\/2024\/10\/Connect-and-Act-1599-x-500-px.png\",\"width\":1599,\"height\":500,\"caption\":\"Connect and Act\"},\"image\":{\"@id\":\"https:\/\/connectandact.be\/#\/schema\/logo\/image\/\"}}]}<\/script>\n<!-- \/ Yoast SEO plugin. -->","yoast_head_json":{"title":"Over de organisatie - Connect and Act","description":"Give a Day permet \u00e0 tous les acteurs de la soci\u00e9t\u00e9 de relever et de r\u00e9soudre des d\u00e9fis sociaux et environnementaux par le biais du b\u00e9n\u00e9volat et de l'aide de proximit\u00e9","robots":{"index":"index","follow":"follow","max-snippet":"max-snippet:-1","max-image-preview":"max-image-preview:large","max-video-preview":"max-video-preview:-1"},"canonical":"https:\/\/connectandact.be\/fr\/a-propos-de-lorganisation\/","og_locale":"fr_FR","og_type":"article","og_title":"Over de organisatie - Connect and Act","og_description":"Give a Day matcht alle actoren in de samenleving om sociale en ecologische uitdagingen aan te pakken en op te lossen via vrijwilligerswerk en burenhulp.","og_url":"https:\/\/connectandact.be\/fr\/a-propos-de-lorganisation\/","og_site_name":"Connect and Act","article_modified_time":"2025-11-10T13:55:23+00:00","og_image":[{"width":2560,"height":1707,"url":"https:\/\/connectandact.be\/wp-content\/uploads\/2025\/11\/preview-connectandact-41-1-van-1-scaled.jpg","type":"image\/jpeg"}],"twitter_card":"summary_large_image","twitter_misc":{"Dur\u00e9e de lecture est.":"3 minutes"},"schema":{"@context":"https:\/\/schema.org","@graph":[{"@type":"WebPage","@id":"https:\/\/connectandact.be\/over-de-organisatie\/","url":"https:\/\/connectandact.be\/over-de-organisatie\/","name":"Over de organisatie - Connect and Act","isPartOf":{"@id":"https:\/\/connectandact.be\/#website"},"primaryImageOfPage":{"@id":"https:\/\/connectandact.be\/over-de-organisatie\/#primaryimage"},"image":{"@id":"https:\/\/connectandact.be\/over-de-organisatie\/#primaryimage"},"thumbnailUrl":"https:\/\/connectandact.be\/wp-content\/uploads\/2025\/11\/preview-connectandact-41-1-van-1-1024x683.jpg","datePublished":"2019-01-06T09:12:01+00:00","dateModified":"2025-11-10T13:55:23+00:00","description":"Give a Day permet \u00e0 tous les acteurs de la soci\u00e9t\u00e9 de relever et de r\u00e9soudre des d\u00e9fis sociaux et environnementaux par le biais du b\u00e9n\u00e9volat et de l'aide de proximit\u00e9","breadcrumb":{"@id":"https:\/\/connectandact.be\/over-de-organisatie\/#breadcrumb"},"inLanguage":"fr-BE","potentialAction":[{"@type":"ReadAction","target":["https:\/\/connectandact.be\/over-de-organisatie\/"]}]},{"@type":"ImageObject","inLanguage":"fr-BE","@id":"https:\/\/connectandact.be\/over-de-organisatie\/#primaryimage","url":"https:\/\/connectandact.be\/wp-content\/uploads\/2025\/11\/preview-connectandact-41-1-van-1-1024x683.jpg","contentUrl":"https:\/\/connectandact.be\/wp-content\/uploads\/2025\/11\/preview-connectandact-41-1-van-1-1024x683.jpg"},{"@type":"BreadcrumbList","@id":"https:\/\/connectandact.be\/over-de-organisatie\/#breadcrumb","itemListElement":[{"@type":"ListItem","position":1,"name":"Home","item":"https:\/\/connectandact.be\/"},{"@type":"ListItem","position":2,"name":"Over de organisatie"}]},{"@type":"WebSite","@id":"https:\/\/connectandact.be\/#website","url":"https:\/\/connectandact.be\/","name":"Connect and Act logo","description":"Nationaal congres vrijwilligerswerk en burenhulp","publisher":{"@id":"https:\/\/connectandact.be\/#organization"},"potentialAction":[{"@type":"SearchAction","target":{"@type":"EntryPoint","urlTemplate":"https:\/\/connectandact.be\/?s={search_term_string}"},"query-input":{"@type":"PropertyValueSpecification","valueRequired":true,"valueName":"search_term_string"}}],"inLanguage":"fr-BE"},{"@type":"Organization","@id":"https:\/\/connectandact.be\/#organization","name":"Connect and Act logo","url":"https:\/\/connectandact.be\/","logo":{"@type":"ImageObject","inLanguage":"fr-BE","@id":"https:\/\/connectandact.be\/#\/schema\/logo\/image\/","url":"https:\/\/connectandact.be\/wp-content\/uploads\/2024\/10\/Connect-and-Act-1599-x-500-px.png","contentUrl":"https:\/\/connectandact.be\/wp-content\/uploads\/2024\/10\/Connect-and-Act-1599-x-500-px.png","width":1599,"height":500,"caption":"Connect and Act"},"image":{"@id":"https:\/\/connectandact.be\/#\/schema\/logo\/image\/"}}]}},"_links":{"self":[{"href":"https:\/\/connectandact.be\/fr\/wp-json\/wp\/v2\/pages\/994","targetHints":{"allow":["GET"]}}],"collection":[{"href":"https:\/\/connectandact.be\/fr\/wp-json\/wp\/v2\/pages"}],"about":[{"href":"https:\/\/connectandact.be\/fr\/wp-json\/wp\/v2\/types\/page"}],"author":[{"embeddable":true,"href":"https:\/\/connectandact.be\/fr\/wp-json\/wp\/v2\/users\/1"}],"replies":[{"embeddable":true,"href":"https:\/\/connectandact.be\/fr\/wp-json\/wp\/v2\/comments?post=994"}],"version-history":[{"count":107,"href":"https:\/\/connectandact.be\/fr\/wp-json\/wp\/v2\/pages\/994\/revisions"}],"predecessor-version":[{"id":5731,"href":"https:\/\/connectandact.be\/fr\/wp-json\/wp\/v2\/pages\/994\/revisions\/5731"}],"wp:attachment":[{"href":"https:\/\/connectandact.be\/fr\/wp-json\/wp\/v2\/media?parent=994"}],"curies":[{"name":"wp","href":"https:\/\/api.w.org\/{rel}","templated":true}]}}