{"id":1147,"date":"2019-01-07T12:41:25","date_gmt":"2019-01-07T12:41:25","guid":{"rendered":"http:\/\/localhost\/Exhibz\/?page_id=1147"},"modified":"2025-11-19T14:42:47","modified_gmt":"2025-11-19T14:42:47","slug":"sponsors","status":"publish","type":"page","link":"https:\/\/connectandact.be\/fr\/sponsors\/","title":{"rendered":"Sponsors"},"content":{"rendered":"<div data-elementor-type=\"wp-post\" data-elementor-id=\"1147\" class=\"elementor elementor-1147\">\n\t\t\t\t\t\t<section class=\"elementor-section elementor-top-section elementor-element elementor-element-400 elementor-section-boxed elementor-section-height-default elementor-section-height-default\" data-id=\"400\" data-element_type=\"section\" data-settings=\"{&quot;background_background&quot;:&quot;classic&quot;}\">\n\t\t\t\t\t\t<div class=\"elementor-container elementor-column-gap-default\">\n\t\t\t\t\t<div class=\"elementor-column elementor-col-100 elementor-top-column elementor-element elementor-element-3a83\" data-id=\"3a83\" data-element_type=\"column\">\n\t\t\t<div class=\"elementor-widget-wrap elementor-element-populated\">\n\t\t\t\t\t\t<div class=\"elementor-element elementor-element-69f6 elementor-widget elementor-widget-heading\" data-id=\"69f6\" data-element_type=\"widget\" data-settings=\"{&quot;ekit_we_effect_on&quot;:&quot;none&quot;}\" data-widget_type=\"heading.default\">\n\t\t\t\t<div class=\"elementor-widget-container\">\n\t\t\t\t\t<h3 class=\"elementor-heading-title elementor-size-medium\">Cette conf\u00e9rence n'est possible que gr\u00e2ce \u00e0 notre sponsor principal BNP Paribas Fortis.\n1000 fois merci !<\/h3>\t\t\t\t<\/div>\n\t\t\t\t<\/div>\n\t\t\t\t<section class=\"elementor-section elementor-inner-section elementor-element elementor-element-78ef elementor-section-content-middle elementor-section-boxed elementor-section-height-default elementor-section-height-default\" data-id=\"78ef\" data-element_type=\"section\">\n\t\t\t\t\t\t<div class=\"elementor-container elementor-column-gap-default\">\n\t\t\t\t\t<div class=\"elementor-column elementor-col-100 elementor-inner-column elementor-element elementor-element-46d0\" data-id=\"46d0\" data-element_type=\"column\">\n\t\t\t<div class=\"elementor-widget-wrap elementor-element-populated\">\n\t\t\t\t\t\t<div class=\"elementor-element elementor-element-693 elementor-widget elementor-widget-image\" data-id=\"693\" data-element_type=\"widget\" data-settings=\"{&quot;ekit_we_effect_on&quot;:&quot;none&quot;}\" data-widget_type=\"image.default\">\n\t\t\t\t<div class=\"elementor-widget-container\">\n\t\t\t\t\t\t\t\t\t\t\t\t\t\t\t\t<a href=\"https:\/\/www.bnpparibasfortis.be\/nl\/public\/particulieren\">\n\t\t\t\t\t\t\t<img decoding=\"async\" width=\"300\" height=\"65\" src=\"https:\/\/connectandact.be\/wp-content\/uploads\/2024\/09\/BNP_Paribas_Fortis-300x65.png\" class=\"attachment-medium size-medium wp-image-4695\" alt=\"\" srcset=\"https:\/\/connectandact.be\/wp-content\/uploads\/2024\/09\/BNP_Paribas_Fortis-300x65.png 300w, https:\/\/connectandact.be\/wp-content\/uploads\/2024\/09\/BNP_Paribas_Fortis-768x165.png 768w, https:\/\/connectandact.be\/wp-content\/uploads\/2024\/09\/BNP_Paribas_Fortis-18x4.png 18w, https:\/\/connectandact.be\/wp-content\/uploads\/2024\/09\/BNP_Paribas_Fortis-600x129.png 600w, https:\/\/connectandact.be\/wp-content\/uploads\/2024\/09\/BNP_Paribas_Fortis.png 831w\" sizes=\"(max-width: 300px) 100vw, 300px\" \/>\t\t\t\t\t\t\t\t<\/a>\n\t\t\t\t\t\t\t\t\t\t\t\t\t\t\t<\/div>\n\t\t\t\t<\/div>\n\t\t\t\t\t<\/div>\n\t\t<\/div>\n\t\t\t\t\t<\/div>\n\t\t<\/section>\n\t\t\t\t<div class=\"elementor-element elementor-element-33de4f8 elementor-widget elementor-widget-heading\" data-id=\"33de4f8\" data-element_type=\"widget\" data-settings=\"{&quot;ekit_we_effect_on&quot;:&quot;none&quot;}\" data-widget_type=\"heading.default\">\n\t\t\t\t<div class=\"elementor-widget-container\">\n\t\t\t\t\t<h3 class=\"elementor-heading-title elementor-size-medium\">Merci \u00e9galement aux contributeurs du contenu du congr\u00e8s !<\/h3>\t\t\t\t<\/div>\n\t\t\t\t<\/div>\n\t\t\t\t<section class=\"elementor-section elementor-inner-section elementor-element elementor-element-1e1fc86 elementor-section-content-middle elementor-section-boxed elementor-section-height-default elementor-section-height-default\" data-id=\"1e1fc86\" data-element_type=\"section\">\n\t\t\t\t\t\t<div class=\"elementor-container elementor-column-gap-default\">\n\t\t\t\t\t<div class=\"elementor-column elementor-col-33 elementor-inner-column elementor-element elementor-element-997f148\" data-id=\"997f148\" data-element_type=\"column\">\n\t\t\t<div class=\"elementor-widget-wrap elementor-element-populated\">\n\t\t\t\t\t\t<div class=\"elementor-element elementor-element-aeb36c5 elementor-widget elementor-widget-image\" data-id=\"aeb36c5\" data-element_type=\"widget\" data-settings=\"{&quot;ekit_we_effect_on&quot;:&quot;none&quot;}\" data-widget_type=\"image.default\">\n\t\t\t\t<div class=\"elementor-widget-container\">\n\t\t\t\t\t\t\t\t\t\t\t\t\t\t\t\t<a href=\"http:\/\/www.giveaday.eu\">\n\t\t\t\t\t\t\t<img decoding=\"async\" width=\"300\" height=\"76\" src=\"https:\/\/connectandact.be\/wp-content\/uploads\/2023\/11\/Copy-of-GiveADay_logo_horizontal_CMYK_300PPI-1-300x76.png\" class=\"attachment-medium size-medium wp-image-2215\" alt=\"Give A Day logo\" srcset=\"https:\/\/connectandact.be\/wp-content\/uploads\/2023\/11\/Copy-of-GiveADay_logo_horizontal_CMYK_300PPI-1-300x76.png 300w, https:\/\/connectandact.be\/wp-content\/uploads\/2023\/11\/Copy-of-GiveADay_logo_horizontal_CMYK_300PPI-1-600x152.png 600w, https:\/\/connectandact.be\/wp-content\/uploads\/2023\/11\/Copy-of-GiveADay_logo_horizontal_CMYK_300PPI-1-1024x259.png 1024w, https:\/\/connectandact.be\/wp-content\/uploads\/2023\/11\/Copy-of-GiveADay_logo_horizontal_CMYK_300PPI-1-768x195.png 768w, https:\/\/connectandact.be\/wp-content\/uploads\/2023\/11\/Copy-of-GiveADay_logo_horizontal_CMYK_300PPI-1.png 1030w\" sizes=\"(max-width: 300px) 100vw, 300px\" \/>\t\t\t\t\t\t\t\t<\/a>\n\t\t\t\t\t\t\t\t\t\t\t\t\t\t\t<\/div>\n\t\t\t\t<\/div>\n\t\t\t\t\t<\/div>\n\t\t<\/div>\n\t\t\t\t<div class=\"elementor-column elementor-col-33 elementor-inner-column elementor-element elementor-element-7ec6c36\" data-id=\"7ec6c36\" data-element_type=\"column\">\n\t\t\t<div class=\"elementor-widget-wrap elementor-element-populated\">\n\t\t\t\t\t\t<div class=\"elementor-element elementor-element-d07894a elementor-widget elementor-widget-image\" data-id=\"d07894a\" data-element_type=\"widget\" data-settings=\"{&quot;ekit_we_effect_on&quot;:&quot;none&quot;}\" data-widget_type=\"image.default\">\n\t\t\t\t<div class=\"elementor-widget-container\">\n\t\t\t\t\t\t\t\t\t\t\t\t\t\t\t\t<a href=\"http:\/\/www.hitch.be\">\n\t\t\t\t\t\t\t<img decoding=\"async\" width=\"300\" height=\"88\" src=\"https:\/\/connectandact.be\/wp-content\/uploads\/2024\/09\/LOGO-HITCH-01-300x88.png\" class=\"attachment-medium size-medium wp-image-4655\" alt=\"\" srcset=\"https:\/\/connectandact.be\/wp-content\/uploads\/2024\/09\/LOGO-HITCH-01-300x88.png 300w, https:\/\/connectandact.be\/wp-content\/uploads\/2024\/09\/LOGO-HITCH-01-18x5.png 18w, https:\/\/connectandact.be\/wp-content\/uploads\/2024\/09\/LOGO-HITCH-01.png 370w\" sizes=\"(max-width: 300px) 100vw, 300px\" \/>\t\t\t\t\t\t\t\t<\/a>\n\t\t\t\t\t\t\t\t\t\t\t\t\t\t\t<\/div>\n\t\t\t\t<\/div>\n\t\t\t\t\t<\/div>\n\t\t<\/div>\n\t\t\t\t<div class=\"elementor-column elementor-col-33 elementor-inner-column elementor-element elementor-element-3d25eb2\" data-id=\"3d25eb2\" data-element_type=\"column\">\n\t\t\t<div class=\"elementor-widget-wrap elementor-element-populated\">\n\t\t\t\t\t\t<div class=\"elementor-element elementor-element-426fd75 elementor-widget elementor-widget-image\" data-id=\"426fd75\" data-element_type=\"widget\" data-settings=\"{&quot;ekit_we_effect_on&quot;:&quot;none&quot;}\" data-widget_type=\"image.default\">\n\t\t\t\t<div class=\"elementor-widget-container\">\n\t\t\t\t\t\t\t\t\t\t\t\t\t\t\t\t<a href=\"http:\/\/www.toolbox.be\">\n\t\t\t\t\t\t\t<img loading=\"lazy\" decoding=\"async\" width=\"300\" height=\"93\" src=\"https:\/\/connectandact.be\/wp-content\/uploads\/2024\/09\/Toolbox-Logo-RVB-300x93.png\" class=\"attachment-medium size-medium wp-image-4668\" alt=\"\" srcset=\"https:\/\/connectandact.be\/wp-content\/uploads\/2024\/09\/Toolbox-Logo-RVB-300x93.png 300w, https:\/\/connectandact.be\/wp-content\/uploads\/2024\/09\/Toolbox-Logo-RVB-1024x318.png 1024w, https:\/\/connectandact.be\/wp-content\/uploads\/2024\/09\/Toolbox-Logo-RVB-768x238.png 768w, https:\/\/connectandact.be\/wp-content\/uploads\/2024\/09\/Toolbox-Logo-RVB-1536x477.png 1536w, https:\/\/connectandact.be\/wp-content\/uploads\/2024\/09\/Toolbox-Logo-RVB-2048x636.png 2048w, https:\/\/connectandact.be\/wp-content\/uploads\/2024\/09\/Toolbox-Logo-RVB-18x6.png 18w, https:\/\/connectandact.be\/wp-content\/uploads\/2024\/09\/Toolbox-Logo-RVB-600x186.png 600w\" sizes=\"(max-width: 300px) 100vw, 300px\" \/>\t\t\t\t\t\t\t\t<\/a>\n\t\t\t\t\t\t\t\t\t\t\t\t\t\t\t<\/div>\n\t\t\t\t<\/div>\n\t\t\t\t\t<\/div>\n\t\t<\/div>\n\t\t\t\t\t<\/div>\n\t\t<\/section>\n\t\t\t\t\t<\/div>\n\t\t<\/div>\n\t\t\t\t\t<\/div>\n\t\t<\/section>\n\t\t\t\t<\/div>","protected":false},"excerpt":{"rendered":"<p>Dit congres is alleen mogelijk dankzij onze hoofdsponsor BNP Paribas Fortis. 1000x dank! Ook bedankt aan de inhoudelijke bijdragers van het congres!<\/p>","protected":false},"author":1,"featured_media":0,"parent":0,"menu_order":0,"comment_status":"closed","ping_status":"closed","template":"template\/full-width-template.php","meta":{"footnotes":""},"class_list":["post-1147","page","type-page","status-publish","hentry"],"yoast_head":"<!-- This site is optimized with the Yoast SEO plugin v26.7 - https:\/\/yoast.com\/wordpress\/plugins\/seo\/ -->\n<title>Sponsors - Connect and Act<\/title>\n<meta name=\"description\" content=\"Dit congres is alleen mogelijk dankzij onze hoofdsponsor, de Koning Boudewijnstichting, en de vele inhoudelijke bijdragers van het congres.\" \/>\n<meta name=\"robots\" content=\"index, follow, max-snippet:-1, max-image-preview:large, max-video-preview:-1\" \/>\n<link rel=\"canonical\" href=\"https:\/\/connectandact.be\/fr\/sponsors\/\" \/>\n<meta property=\"og:locale\" content=\"fr_FR\" \/>\n<meta property=\"og:type\" content=\"article\" \/>\n<meta property=\"og:title\" content=\"Sponsors - Connect and Act\" \/>\n<meta property=\"og:description\" content=\"Dit congres is alleen mogelijk dankzij onze hoofdsponsor, de Koning Boudewijnstichting, en de vele inhoudelijke bijdragers van het congres.\" \/>\n<meta property=\"og:url\" content=\"https:\/\/connectandact.be\/fr\/sponsors\/\" \/>\n<meta property=\"og:site_name\" content=\"Connect and Act\" \/>\n<meta property=\"article:modified_time\" content=\"2025-11-19T14:42:47+00:00\" \/>\n<meta property=\"og:image\" content=\"https:\/\/connectandact.be\/wp-content\/uploads\/2024\/09\/BNP_Paribas_Fortis.png\" \/>\n\t<meta property=\"og:image:width\" content=\"831\" \/>\n\t<meta property=\"og:image:height\" content=\"179\" \/>\n\t<meta property=\"og:image:type\" content=\"image\/png\" \/>\n<meta name=\"twitter:card\" content=\"summary_large_image\" \/>\n<script type=\"application\/ld+json\" class=\"yoast-schema-graph\">{\"@context\":\"https:\/\/schema.org\",\"@graph\":[{\"@type\":\"WebPage\",\"@id\":\"https:\/\/connectandact.be\/sponsors\/\",\"url\":\"https:\/\/connectandact.be\/sponsors\/\",\"name\":\"Sponsors - Connect and Act\",\"isPartOf\":{\"@id\":\"https:\/\/connectandact.be\/#website\"},\"primaryImageOfPage\":{\"@id\":\"https:\/\/connectandact.be\/sponsors\/#primaryimage\"},\"image\":{\"@id\":\"https:\/\/connectandact.be\/sponsors\/#primaryimage\"},\"thumbnailUrl\":\"https:\/\/connectandact.be\/wp-content\/uploads\/2024\/09\/BNP_Paribas_Fortis-300x65.png\",\"datePublished\":\"2019-01-07T12:41:25+00:00\",\"dateModified\":\"2025-11-19T14:42:47+00:00\",\"description\":\"Dit congres is alleen mogelijk dankzij onze hoofdsponsor, de Koning Boudewijnstichting, en de vele inhoudelijke bijdragers van het congres.\",\"breadcrumb\":{\"@id\":\"https:\/\/connectandact.be\/sponsors\/#breadcrumb\"},\"inLanguage\":\"fr-BE\",\"potentialAction\":[{\"@type\":\"ReadAction\",\"target\":[\"https:\/\/connectandact.be\/sponsors\/\"]}]},{\"@type\":\"ImageObject\",\"inLanguage\":\"fr-BE\",\"@id\":\"https:\/\/connectandact.be\/sponsors\/#primaryimage\",\"url\":\"https:\/\/connectandact.be\/wp-content\/uploads\/2024\/09\/BNP_Paribas_Fortis-300x65.png\",\"contentUrl\":\"https:\/\/connectandact.be\/wp-content\/uploads\/2024\/09\/BNP_Paribas_Fortis-300x65.png\"},{\"@type\":\"BreadcrumbList\",\"@id\":\"https:\/\/connectandact.be\/sponsors\/#breadcrumb\",\"itemListElement\":[{\"@type\":\"ListItem\",\"position\":1,\"name\":\"Home\",\"item\":\"https:\/\/connectandact.be\/\"},{\"@type\":\"ListItem\",\"position\":2,\"name\":\"Sponsors\"}]},{\"@type\":\"WebSite\",\"@id\":\"https:\/\/connectandact.be\/#website\",\"url\":\"https:\/\/connectandact.be\/\",\"name\":\"Connect and Act\",\"description\":\"Nationaal congres vrijwilligerswerk en burenhulp\",\"publisher\":{\"@id\":\"https:\/\/connectandact.be\/#organization\"},\"potentialAction\":[{\"@type\":\"SearchAction\",\"target\":{\"@type\":\"EntryPoint\",\"urlTemplate\":\"https:\/\/connectandact.be\/?s={search_term_string}\"},\"query-input\":{\"@type\":\"PropertyValueSpecification\",\"valueRequired\":true,\"valueName\":\"search_term_string\"}}],\"inLanguage\":\"fr-BE\"},{\"@type\":\"Organization\",\"@id\":\"https:\/\/connectandact.be\/#organization\",\"name\":\"Connect and Act\",\"url\":\"https:\/\/connectandact.be\/\",\"logo\":{\"@type\":\"ImageObject\",\"inLanguage\":\"fr-BE\",\"@id\":\"https:\/\/connectandact.be\/#\/schema\/logo\/image\/\",\"url\":\"https:\/\/connectandact.be\/wp-content\/uploads\/2024\/10\/Connect-and-Act-1599-x-500-px.png\",\"contentUrl\":\"https:\/\/connectandact.be\/wp-content\/uploads\/2024\/10\/Connect-and-Act-1599-x-500-px.png\",\"width\":1599,\"height\":500,\"caption\":\"Connect and Act\"},\"image\":{\"@id\":\"https:\/\/connectandact.be\/#\/schema\/logo\/image\/\"}}]}<\/script>\n<!-- \/ Yoast SEO plugin. -->","yoast_head_json":{"title":"Sponsors - Connect and Act","description":"Cette conf\u00e9rence n'est possible que gr\u00e2ce \u00e0 notre principal sponsor, la Fondation Roi Baudouin, et aux nombreux contributeurs au contenu de la conf\u00e9rence.","robots":{"index":"index","follow":"follow","max-snippet":"max-snippet:-1","max-image-preview":"max-image-preview:large","max-video-preview":"max-video-preview:-1"},"canonical":"https:\/\/connectandact.be\/fr\/sponsors\/","og_locale":"fr_FR","og_type":"article","og_title":"Sponsors - Connect and Act","og_description":"Dit congres is alleen mogelijk dankzij onze hoofdsponsor, de Koning Boudewijnstichting, en de vele inhoudelijke bijdragers van het congres.","og_url":"https:\/\/connectandact.be\/fr\/sponsors\/","og_site_name":"Connect and Act","article_modified_time":"2025-11-19T14:42:47+00:00","og_image":[{"width":831,"height":179,"url":"https:\/\/connectandact.be\/wp-content\/uploads\/2024\/09\/BNP_Paribas_Fortis.png","type":"image\/png"}],"twitter_card":"summary_large_image","schema":{"@context":"https:\/\/schema.org","@graph":[{"@type":"WebPage","@id":"https:\/\/connectandact.be\/sponsors\/","url":"https:\/\/connectandact.be\/sponsors\/","name":"Sponsors - Connect and Act","isPartOf":{"@id":"https:\/\/connectandact.be\/#website"},"primaryImageOfPage":{"@id":"https:\/\/connectandact.be\/sponsors\/#primaryimage"},"image":{"@id":"https:\/\/connectandact.be\/sponsors\/#primaryimage"},"thumbnailUrl":"https:\/\/connectandact.be\/wp-content\/uploads\/2024\/09\/BNP_Paribas_Fortis-300x65.png","datePublished":"2019-01-07T12:41:25+00:00","dateModified":"2025-11-19T14:42:47+00:00","description":"Cette conf\u00e9rence n'est possible que gr\u00e2ce \u00e0 notre principal sponsor, la Fondation Roi Baudouin, et aux nombreux contributeurs au contenu de la conf\u00e9rence.","breadcrumb":{"@id":"https:\/\/connectandact.be\/sponsors\/#breadcrumb"},"inLanguage":"fr-BE","potentialAction":[{"@type":"ReadAction","target":["https:\/\/connectandact.be\/sponsors\/"]}]},{"@type":"ImageObject","inLanguage":"fr-BE","@id":"https:\/\/connectandact.be\/sponsors\/#primaryimage","url":"https:\/\/connectandact.be\/wp-content\/uploads\/2024\/09\/BNP_Paribas_Fortis-300x65.png","contentUrl":"https:\/\/connectandact.be\/wp-content\/uploads\/2024\/09\/BNP_Paribas_Fortis-300x65.png"},{"@type":"BreadcrumbList","@id":"https:\/\/connectandact.be\/sponsors\/#breadcrumb","itemListElement":[{"@type":"ListItem","position":1,"name":"Home","item":"https:\/\/connectandact.be\/"},{"@type":"ListItem","position":2,"name":"Sponsors"}]},{"@type":"WebSite","@id":"https:\/\/connectandact.be\/#website","url":"https:\/\/connectandact.be\/","name":"Connect and Act logo","description":"Nationaal congres vrijwilligerswerk en burenhulp","publisher":{"@id":"https:\/\/connectandact.be\/#organization"},"potentialAction":[{"@type":"SearchAction","target":{"@type":"EntryPoint","urlTemplate":"https:\/\/connectandact.be\/?s={search_term_string}"},"query-input":{"@type":"PropertyValueSpecification","valueRequired":true,"valueName":"search_term_string"}}],"inLanguage":"fr-BE"},{"@type":"Organization","@id":"https:\/\/connectandact.be\/#organization","name":"Connect and Act logo","url":"https:\/\/connectandact.be\/","logo":{"@type":"ImageObject","inLanguage":"fr-BE","@id":"https:\/\/connectandact.be\/#\/schema\/logo\/image\/","url":"https:\/\/connectandact.be\/wp-content\/uploads\/2024\/10\/Connect-and-Act-1599-x-500-px.png","contentUrl":"https:\/\/connectandact.be\/wp-content\/uploads\/2024\/10\/Connect-and-Act-1599-x-500-px.png","width":1599,"height":500,"caption":"Connect and Act"},"image":{"@id":"https:\/\/connectandact.be\/#\/schema\/logo\/image\/"}}]}},"_links":{"self":[{"href":"https:\/\/connectandact.be\/fr\/wp-json\/wp\/v2\/pages\/1147","targetHints":{"allow":["GET"]}}],"collection":[{"href":"https:\/\/connectandact.be\/fr\/wp-json\/wp\/v2\/pages"}],"about":[{"href":"https:\/\/connectandact.be\/fr\/wp-json\/wp\/v2\/types\/page"}],"author":[{"embeddable":true,"href":"https:\/\/connectandact.be\/fr\/wp-json\/wp\/v2\/users\/1"}],"replies":[{"embeddable":true,"href":"https:\/\/connectandact.be\/fr\/wp-json\/wp\/v2\/comments?post=1147"}],"version-history":[{"count":122,"href":"https:\/\/connectandact.be\/fr\/wp-json\/wp\/v2\/pages\/1147\/revisions"}],"predecessor-version":[{"id":5843,"href":"https:\/\/connectandact.be\/fr\/wp-json\/wp\/v2\/pages\/1147\/revisions\/5843"}],"wp:attachment":[{"href":"https:\/\/connectandact.be\/fr\/wp-json\/wp\/v2\/media?parent=1147"}],"curies":[{"name":"wp","href":"https:\/\/api.w.org\/{rel}","templated":true}]}}